{"id":245892,"date":"2022-10-08T13:28:18","date_gmt":"2022-10-08T11:28:18","guid":{"rendered":"https:\/\/nyomkovetogps.hu\/gpshero\/?page_id=245892"},"modified":"2022-10-08T13:31:30","modified_gmt":"2022-10-08T11:31:30","slug":"visszakuldesi-szablyzat","status":"publish","type":"page","link":"https:\/\/nyomkovetogps.hu\/gpshero\/visszakuldesi-szablyzat\/","title":{"rendered":"Visszak\u00fcld\u00e9si szablyzat"},"content":{"rendered":"<p>[et_pb_section fb_built=&#8221;1&#8243; theme_builder_area=&#8221;post_content&#8221; _builder_version=&#8221;4.17.4&#8243; _module_preset=&#8221;default&#8221;][et_pb_row _builder_version=&#8221;4.17.4&#8243; _module_preset=&#8221;default&#8221; theme_builder_area=&#8221;post_content&#8221;][et_pb_column _builder_version=&#8221;4.17.4&#8243; _module_preset=&#8221;default&#8221; type=&#8221;4_4&#8243; theme_builder_area=&#8221;post_content&#8221;][et_pb_text _builder_version=&#8221;4.17.4&#8243; _module_preset=&#8221;default&#8221; theme_builder_area=&#8221;post_content&#8221; hover_enabled=&#8221;0&#8243; sticky_enabled=&#8221;0&#8243;]<\/p>\n<p>Visszat\u00e9r\u00edt\u00e9si \u00e9s visszak\u00fcld\u00e9si szab\u00e1lyzatunk 14 napig \u00e9rv\u00e9nyes. Ha a v\u00e1s\u00e1rl\u00e1s \u00f3ta eltelt 14 nap, nem \u00e1ll m\u00f3dunkban teljes visszat\u00e9r\u00edt\u00e9st vagy cser\u00e9t biztos\u00edtani.<\/p>\n<p>Ahhoz, hogy a term\u00e9k visszak\u00fcldhet\u0151 legyen, ugyanolyan \u00e1llapotban kell lennie, mint ahogyan azt megkapta.<\/p>\n<p>T\u00f6bbf\u00e9le \u00e1ru mentes\u00fcl a visszak\u00fcld\u00e9s al\u00f3l. A romland\u00f3 \u00e1ruk, p\u00e9ld\u00e1ul \u00e9lelmiszerek, vir\u00e1gok, \u00fajs\u00e1gok vagy magazinok nem k\u00fcldhet\u0151k vissza. Nem fogadunk el olyan term\u00e9keket sem, amelyek intim vagy eg\u00e9szs\u00e9g\u00fcgyi term\u00e9kek, vesz\u00e9lyes anyagok vagy gy\u00fal\u00e9kony folyad\u00e9kok vagy g\u00e1zok.<\/p>\n<p>Tov\u00e1bbi vissza nem t\u00e9r\u00edtend\u0151 term\u00e9kek:<\/p>\n<p>Aj\u00e1nd\u00e9kk\u00e1rtya<br \/>Let\u00f6lthet\u0151 szoftverterm\u00e9kek<br \/>N\u00e9h\u00e1ny eg\u00e9szs\u00e9g\u00fcgyi \u00e9s test\u00e1pol\u00e1si cikk<br \/>A visszak\u00fcld\u00e9s befejez\u00e9s\u00e9hez nyugt\u00e1ra vagy v\u00e1s\u00e1rl\u00e1si bizonylatra, sz\u00e1ml\u00e1ra van sz\u00fcks\u00e9g\u00fcnk.<\/p>\n<p>K\u00e9rj\u00fck, ne k\u00fcldje vissza a v\u00e1s\u00e1rl\u00e1st a gy\u00e1rt\u00f3nak, hanem a forgalmaz\u00f3nak, keresked\u0151nek ahol a term\u00e9ket beszerezte.<\/p>\n<p>Vannak olyan helyzetek, amikor csak r\u00e9szleges visszat\u00e9r\u00edt\u00e9st ny\u00fajtanak:<\/p>\n<p>Felt\u0171n\u0151 haszn\u00e1lati nyomokkal rendelkez\u0151 k\u00f6nyv<br \/>CD, DVD, VHS kazetta, szoftver, videoj\u00e1t\u00e9k, kazett\u00e1s magn\u00f3 vagy bakelit lemez, amelyet kinyitottak.<br \/>B\u00e1rmely elem, amely nem az eredeti \u00e1llapot\u00e1ban van, s\u00e9r\u00fclt, vagy nem a mi hib\u00e1nkb\u00f3l ered\u0151 okokb\u00f3l hi\u00e1nyoznak alkatr\u00e9szei.<br \/>Minden olyan t\u00e9tel, amelyet a kisz\u00e1ll\u00edt\u00e1s ut\u00e1n t\u00f6bb mint 30 nappal visszak\u00fcldenek<br \/>Visszat\u00e9r\u00edt\u00e9sek<br \/>Miut\u00e1n meg\u00e9rkezett \u00e9s megvizsg\u00e1ltuk a visszak\u00fcld\u00e9st, e-mailben \u00e9rtes\u00edtj\u00fck, hogy megkaptuk a visszak\u00fcld\u00f6tt term\u00e9ket. A visszat\u00e9r\u00edt\u00e9s j\u00f3v\u00e1hagy\u00e1s\u00e1r\u00f3l vagy elutas\u00edt\u00e1s\u00e1r\u00f3l is \u00e9rtes\u00edtj\u00fck.<\/p>\n<p>Ha j\u00f3v\u00e1hagyj\u00e1k, visszat\u00e9r\u00edt\u00e9s\u00e9t feldolgozzuk, \u00e9s n\u00e9h\u00e1ny napokon bel\u00fcl automatikusan j\u00f3v\u00e1\u00edrjuk.<\/p>\n<p>K\u00e9s\u0151 vagy hi\u00e1nyz\u00f3 visszat\u00e9r\u00edt\u00e9s<br \/>Ha m\u00e9g nem kapott visszat\u00e9r\u00edt\u00e9st, el\u0151sz\u00f6r ellen\u0151rizze \u00fajra banksz\u00e1ml\u00e1j\u00e1t.<\/p>\n<p>Ezut\u00e1n vegye fel a kapcsolatot hitelk\u00e1rtya-kibocs\u00e1t\u00f3j\u00e1val; eltarthat egy ideig, am\u00edg a visszat\u00e9r\u00edt\u00e9s hivatalosan megjelenik.<\/p>\n<p>Ezut\u00e1n l\u00e9pjen kapcsolatba a bankj\u00e1val. A visszat\u00e9r\u00edt\u00e9s elk\u00fcld\u00e9se el\u0151tt gyakran van n\u00e9h\u00e1ny nap feldolgoz\u00e1si id\u0151.<\/p>\n<p>Ha mindezt megtette, \u00e9s m\u00e9g mindig nem kapta meg a visszat\u00e9r\u00edt\u00e9st, k\u00e9rj\u00fck, vegye fel vel\u00fcnk a kapcsolatot a k\u00f6vetkez\u0151 c\u00edmen:\u00a0<a href=\"mailto:ainfo@amoza.hu\">info@amoza.hu<\/a><\/p>\n<p>T\u00e9telek<br \/>Csak a norm\u00e1l \u00e1r\u00fa term\u00e9kek ut\u00e1n t\u00e9r\u00edthet\u0151 vissza. Az akci\u00f3s term\u00e9kek nem t\u00e9r\u00edthet\u0151k vissza.<\/p>\n<p>Cser\u00e9k<br \/>Csak akkor cser\u00e9lj\u00fck ki az elemeket, ha azok hib\u00e1sak vagy s\u00e9r\u00fcltek. Ha ki kell cser\u00e9lnie ugyanarra a t\u00e9telre, k\u00fcldj\u00f6n egy e-mailt a(z) {email address} c\u00edmre, \u00e9s k\u00fcldje el a term\u00e9ket a k\u00f6vetkez\u0151 c\u00edmre: {fizikai c\u00edm}.<\/p>\n<p>Aj\u00e1nd\u00e9kok<br \/>Ha a term\u00e9ket a v\u00e1s\u00e1rl\u00e1skor aj\u00e1nd\u00e9kk\u00e9nt jel\u00f6lt\u00e9k meg, \u00e9s k\u00f6zvetlen\u00fcl \u00d6nnek sz\u00e1ll\u00edtott\u00e1k, akkor a visszak\u00fcld\u00e9s \u00e9rt\u00e9k\u00e9nek megfelel\u0151 aj\u00e1nd\u00e9k j\u00f3v\u00e1\u00edr\u00e1st kap. A visszak\u00fcld\u00f6tt term\u00e9k k\u00e9zhezv\u00e9tele ut\u00e1n aj\u00e1nd\u00e9kutalv\u00e1nyt k\u00fcld\u00fcnk \u00d6nnek.<\/p>\n<p>Sz\u00e1ll\u00edt\u00e1si visszak\u00fcld\u00e9sek<br \/>A term\u00e9k visszak\u00fcld\u00e9s\u00e9hez postai \u00faton kell elk\u00fcldenie a term\u00e9ket a k\u00f6vetkez\u0151 c\u00edmre: AMOZA Trade Kft. Budapest 1095 Bor\u00e1ros t\u00e9r 7. 1 em. 35\u00dc. 23 ajt\u00f3.<\/p>\n<p>A term\u00e9k visszak\u00fcld\u00e9se eset\u00e9n \u00d6nt terheli a saj\u00e1t sz\u00e1ll\u00edt\u00e1si k\u00f6lts\u00e9ge. A sz\u00e1ll\u00edt\u00e1si k\u00f6lts\u00e9g nem visszat\u00e9r\u00edthet\u0151. Ha visszat\u00e9r\u00edt\u00e9st kap, a visszak\u00fcld\u00e9s k\u00f6lts\u00e9ge levon\u00e1sra ker\u00fcl a visszat\u00e9r\u00edt\u00e9sb\u0151l.<\/p>\n<p>\u00c9lethely\u00e9t\u0151l f\u00fcgg\u0151en v\u00e1ltozhat az id\u0151, am\u00edg a kicser\u00e9lt term\u00e9k meg\u00e9rkezik \u00d6nh\u00f6z.<\/p>\n<p>Ha dr\u00e1g\u00e1bb t\u00e9teleket k\u00fcld vissza, \u00e9rdemes lehet nyomon k\u00f6vethet\u0151 sz\u00e1ll\u00edt\u00e1si szolg\u00e1ltat\u00e1st ig\u00e9nybe venni, vagy sz\u00e1ll\u00edt\u00e1si biztos\u00edt\u00e1st k\u00f6tni. Nem garant\u00e1ljuk, hogy megkapjuk a visszak\u00fcld\u00f6tt term\u00e9ket.<\/p>\n<p>A visszat\u00e9r\u00edt\u00e9ssel \u00e9s visszak\u00fcld\u00e9ssel kapcsolatos k\u00e9rd\u00e9seivel forduljon hozz\u00e1nk az <a href=\"mailto:ainfo@amoza.hu\">info@amoza.hu<\/a>\u00a0 c\u00edmen.<\/p>\n<p>[\/et_pb_text][\/et_pb_column][\/et_pb_row][\/et_pb_section]<\/p>\n","protected":false},"excerpt":{"rendered":"<p>Visszat\u00e9r\u00edt\u00e9si \u00e9s visszak\u00fcld\u00e9si szab\u00e1lyzatunk 14 napig \u00e9rv\u00e9nyes. Ha a v\u00e1s\u00e1rl\u00e1s \u00f3ta eltelt 14 nap, nem \u00e1ll m\u00f3dunkban teljes visszat\u00e9r\u00edt\u00e9st vagy cser\u00e9t biztos\u00edtani. Ahhoz, hogy a term\u00e9k visszak\u00fcldhet\u0151 legyen, ugyanolyan \u00e1llapotban kell lennie, mint ahogyan azt megkapta. T\u00f6bbf\u00e9le \u00e1ru mentes\u00fcl a visszak\u00fcld\u00e9s al\u00f3l. A romland\u00f3 \u00e1ruk, p\u00e9ld\u00e1ul \u00e9lelmiszerek, vir\u00e1gok, \u00fajs\u00e1gok vagy magazinok nem k\u00fcldhet\u0151k vissza. Nem [&hellip;]<\/p>\n","protected":false},"author":1,"featured_media":0,"parent":0,"menu_order":0,"comment_status":"closed","ping_status":"closed","template":"","meta":{"_et_pb_use_builder":"on","_et_pb_old_content":"<!-- wp:divi\/placeholder \/-->","_et_gb_content_width":"","footnotes":""},"class_list":["post-245892","page","type-page","status-publish","hentry"],"yoast_head":"<!-- This site is optimized with the Yoast SEO plugin v24.9 - https:\/\/yoast.com\/wordpress\/plugins\/seo\/ -->\n<title>Visszak\u00fcld\u00e9si szablyzat - GPS nyomkovet\u0151<\/title>\n<meta name=\"robots\" content=\"index, follow, max-snippet:-1, max-image-preview:large, max-video-preview:-1\" \/>\n<link rel=\"canonical\" href=\"https:\/\/nyomkovetogps.hu\/gpshero\/visszakuldesi-szablyzat\/\" \/>\n<meta property=\"og:locale\" content=\"hu_HU\" \/>\n<meta property=\"og:type\" content=\"article\" \/>\n<meta property=\"og:title\" content=\"Visszak\u00fcld\u00e9si szablyzat - GPS nyomkovet\u0151\" \/>\n<meta property=\"og:description\" content=\"Visszat\u00e9r\u00edt\u00e9si \u00e9s visszak\u00fcld\u00e9si szab\u00e1lyzatunk 14 napig \u00e9rv\u00e9nyes. Ha a v\u00e1s\u00e1rl\u00e1s \u00f3ta eltelt 14 nap, nem \u00e1ll m\u00f3dunkban teljes visszat\u00e9r\u00edt\u00e9st vagy cser\u00e9t biztos\u00edtani. Ahhoz, hogy a term\u00e9k visszak\u00fcldhet\u0151 legyen, ugyanolyan \u00e1llapotban kell lennie, mint ahogyan azt megkapta. T\u00f6bbf\u00e9le \u00e1ru mentes\u00fcl a visszak\u00fcld\u00e9s al\u00f3l. A romland\u00f3 \u00e1ruk, p\u00e9ld\u00e1ul \u00e9lelmiszerek, vir\u00e1gok, \u00fajs\u00e1gok vagy magazinok nem k\u00fcldhet\u0151k vissza. Nem [&hellip;]\" \/>\n<meta property=\"og:url\" content=\"https:\/\/nyomkovetogps.hu\/gpshero\/visszakuldesi-szablyzat\/\" \/>\n<meta property=\"og:site_name\" content=\"GPS nyomkovet\u0151\" \/>\n<meta property=\"article:publisher\" content=\"https:\/\/www.facebook.com\/nyomkovetok\" \/>\n<meta property=\"article:modified_time\" content=\"2022-10-08T11:31:30+00:00\" \/>\n<meta name=\"twitter:card\" content=\"summary_large_image\" \/>\n<script type=\"application\/ld+json\" class=\"yoast-schema-graph\">{\"@context\":\"https:\/\/schema.org\",\"@graph\":[{\"@type\":\"WebPage\",\"@id\":\"https:\/\/nyomkovetogps.hu\/gpshero\/visszakuldesi-szablyzat\/\",\"url\":\"https:\/\/nyomkovetogps.hu\/gpshero\/visszakuldesi-szablyzat\/\",\"name\":\"Visszak\u00fcld\u00e9si szablyzat - GPS nyomkovet\u0151\",\"isPartOf\":{\"@id\":\"https:\/\/nyomkovetogps.hu\/gpshero\/#website\"},\"datePublished\":\"2022-10-08T11:28:18+00:00\",\"dateModified\":\"2022-10-08T11:31:30+00:00\",\"breadcrumb\":{\"@id\":\"https:\/\/nyomkovetogps.hu\/gpshero\/visszakuldesi-szablyzat\/#breadcrumb\"},\"inLanguage\":\"hu\",\"potentialAction\":[{\"@type\":\"ReadAction\",\"target\":[\"https:\/\/nyomkovetogps.hu\/gpshero\/visszakuldesi-szablyzat\/\"]}]},{\"@type\":\"BreadcrumbList\",\"@id\":\"https:\/\/nyomkovetogps.hu\/gpshero\/visszakuldesi-szablyzat\/#breadcrumb\",\"itemListElement\":[{\"@type\":\"ListItem\",\"position\":1,\"name\":\"Kezd\u0151lap\",\"item\":\"https:\/\/nyomkovetogps.hu\/gpshero\/\"},{\"@type\":\"ListItem\",\"position\":2,\"name\":\"Visszak\u00fcld\u00e9si szablyzat\"}]},{\"@type\":\"WebSite\",\"@id\":\"https:\/\/nyomkovetogps.hu\/gpshero\/#website\",\"url\":\"https:\/\/nyomkovetogps.hu\/gpshero\/\",\"name\":\"GPS nyomkovet\u0151\",\"description\":\"GPS nyomk&ouml;vet\u0151 t&eacute;rk&eacute;pes rendszer\",\"publisher\":{\"@id\":\"https:\/\/nyomkovetogps.hu\/gpshero\/#organization\"},\"potentialAction\":[{\"@type\":\"SearchAction\",\"target\":{\"@type\":\"EntryPoint\",\"urlTemplate\":\"https:\/\/nyomkovetogps.hu\/gpshero\/?s={search_term_string}\"},\"query-input\":{\"@type\":\"PropertyValueSpecification\",\"valueRequired\":true,\"valueName\":\"search_term_string\"}}],\"inLanguage\":\"hu\"},{\"@type\":\"Organization\",\"@id\":\"https:\/\/nyomkovetogps.hu\/gpshero\/#organization\",\"name\":\"AMOZA Trade Kft.\",\"url\":\"https:\/\/nyomkovetogps.hu\/gpshero\/\",\"logo\":{\"@type\":\"ImageObject\",\"inLanguage\":\"hu\",\"@id\":\"https:\/\/nyomkovetogps.hu\/gpshero\/#\/schema\/logo\/image\/\",\"url\":\"https:\/\/nyomkovetogps.hu\/gpshero\/wp-content\/uploads\/2022\/05\/gps_hero_logo_dark-1.png\",\"contentUrl\":\"https:\/\/nyomkovetogps.hu\/gpshero\/wp-content\/uploads\/2022\/05\/gps_hero_logo_dark-1.png\",\"width\":750,\"height\":750,\"caption\":\"AMOZA Trade Kft.\"},\"image\":{\"@id\":\"https:\/\/nyomkovetogps.hu\/gpshero\/#\/schema\/logo\/image\/\"},\"sameAs\":[\"https:\/\/www.facebook.com\/nyomkovetok\"]}]}<\/script>\n<!-- \/ Yoast SEO plugin. -->","yoast_head_json":{"title":"Visszak\u00fcld\u00e9si szablyzat - GPS nyomkovet\u0151","robots":{"index":"index","follow":"follow","max-snippet":"max-snippet:-1","max-image-preview":"max-image-preview:large","max-video-preview":"max-video-preview:-1"},"canonical":"https:\/\/nyomkovetogps.hu\/gpshero\/visszakuldesi-szablyzat\/","og_locale":"hu_HU","og_type":"article","og_title":"Visszak\u00fcld\u00e9si szablyzat - GPS nyomkovet\u0151","og_description":"Visszat\u00e9r\u00edt\u00e9si \u00e9s visszak\u00fcld\u00e9si szab\u00e1lyzatunk 14 napig \u00e9rv\u00e9nyes. Ha a v\u00e1s\u00e1rl\u00e1s \u00f3ta eltelt 14 nap, nem \u00e1ll m\u00f3dunkban teljes visszat\u00e9r\u00edt\u00e9st vagy cser\u00e9t biztos\u00edtani. Ahhoz, hogy a term\u00e9k visszak\u00fcldhet\u0151 legyen, ugyanolyan \u00e1llapotban kell lennie, mint ahogyan azt megkapta. T\u00f6bbf\u00e9le \u00e1ru mentes\u00fcl a visszak\u00fcld\u00e9s al\u00f3l. A romland\u00f3 \u00e1ruk, p\u00e9ld\u00e1ul \u00e9lelmiszerek, vir\u00e1gok, \u00fajs\u00e1gok vagy magazinok nem k\u00fcldhet\u0151k vissza. Nem [&hellip;]","og_url":"https:\/\/nyomkovetogps.hu\/gpshero\/visszakuldesi-szablyzat\/","og_site_name":"GPS nyomkovet\u0151","article_publisher":"https:\/\/www.facebook.com\/nyomkovetok","article_modified_time":"2022-10-08T11:31:30+00:00","twitter_card":"summary_large_image","schema":{"@context":"https:\/\/schema.org","@graph":[{"@type":"WebPage","@id":"https:\/\/nyomkovetogps.hu\/gpshero\/visszakuldesi-szablyzat\/","url":"https:\/\/nyomkovetogps.hu\/gpshero\/visszakuldesi-szablyzat\/","name":"Visszak\u00fcld\u00e9si szablyzat - GPS nyomkovet\u0151","isPartOf":{"@id":"https:\/\/nyomkovetogps.hu\/gpshero\/#website"},"datePublished":"2022-10-08T11:28:18+00:00","dateModified":"2022-10-08T11:31:30+00:00","breadcrumb":{"@id":"https:\/\/nyomkovetogps.hu\/gpshero\/visszakuldesi-szablyzat\/#breadcrumb"},"inLanguage":"hu","potentialAction":[{"@type":"ReadAction","target":["https:\/\/nyomkovetogps.hu\/gpshero\/visszakuldesi-szablyzat\/"]}]},{"@type":"BreadcrumbList","@id":"https:\/\/nyomkovetogps.hu\/gpshero\/visszakuldesi-szablyzat\/#breadcrumb","itemListElement":[{"@type":"ListItem","position":1,"name":"Kezd\u0151lap","item":"https:\/\/nyomkovetogps.hu\/gpshero\/"},{"@type":"ListItem","position":2,"name":"Visszak\u00fcld\u00e9si szablyzat"}]},{"@type":"WebSite","@id":"https:\/\/nyomkovetogps.hu\/gpshero\/#website","url":"https:\/\/nyomkovetogps.hu\/gpshero\/","name":"GPS nyomkovet\u0151","description":"GPS nyomk&ouml;vet\u0151 t&eacute;rk&eacute;pes rendszer","publisher":{"@id":"https:\/\/nyomkovetogps.hu\/gpshero\/#organization"},"potentialAction":[{"@type":"SearchAction","target":{"@type":"EntryPoint","urlTemplate":"https:\/\/nyomkovetogps.hu\/gpshero\/?s={search_term_string}"},"query-input":{"@type":"PropertyValueSpecification","valueRequired":true,"valueName":"search_term_string"}}],"inLanguage":"hu"},{"@type":"Organization","@id":"https:\/\/nyomkovetogps.hu\/gpshero\/#organization","name":"AMOZA Trade Kft.","url":"https:\/\/nyomkovetogps.hu\/gpshero\/","logo":{"@type":"ImageObject","inLanguage":"hu","@id":"https:\/\/nyomkovetogps.hu\/gpshero\/#\/schema\/logo\/image\/","url":"https:\/\/nyomkovetogps.hu\/gpshero\/wp-content\/uploads\/2022\/05\/gps_hero_logo_dark-1.png","contentUrl":"https:\/\/nyomkovetogps.hu\/gpshero\/wp-content\/uploads\/2022\/05\/gps_hero_logo_dark-1.png","width":750,"height":750,"caption":"AMOZA Trade Kft."},"image":{"@id":"https:\/\/nyomkovetogps.hu\/gpshero\/#\/schema\/logo\/image\/"},"sameAs":["https:\/\/www.facebook.com\/nyomkovetok"]}]}},"_links":{"self":[{"href":"https:\/\/nyomkovetogps.hu\/gpshero\/wp-json\/wp\/v2\/pages\/245892","targetHints":{"allow":["GET"]}}],"collection":[{"href":"https:\/\/nyomkovetogps.hu\/gpshero\/wp-json\/wp\/v2\/pages"}],"about":[{"href":"https:\/\/nyomkovetogps.hu\/gpshero\/wp-json\/wp\/v2\/types\/page"}],"author":[{"embeddable":true,"href":"https:\/\/nyomkovetogps.hu\/gpshero\/wp-json\/wp\/v2\/users\/1"}],"replies":[{"embeddable":true,"href":"https:\/\/nyomkovetogps.hu\/gpshero\/wp-json\/wp\/v2\/comments?post=245892"}],"version-history":[{"count":3,"href":"https:\/\/nyomkovetogps.hu\/gpshero\/wp-json\/wp\/v2\/pages\/245892\/revisions"}],"predecessor-version":[{"id":245895,"href":"https:\/\/nyomkovetogps.hu\/gpshero\/wp-json\/wp\/v2\/pages\/245892\/revisions\/245895"}],"wp:attachment":[{"href":"https:\/\/nyomkovetogps.hu\/gpshero\/wp-json\/wp\/v2\/media?parent=245892"}],"curies":[{"name":"wp","href":"https:\/\/api.w.org\/{rel}","templated":true}]}}